{"id":1757,"date":"2022-11-29T23:00:22","date_gmt":"2022-11-29T23:00:22","guid":{"rendered":"http:\/\/gematesteo.com\/tsc\/?page_id=1757"},"modified":"2022-12-27T14:56:05","modified_gmt":"2022-12-27T14:56:05","slug":"cadena-de-suministro","status":"publish","type":"page","link":"https:\/\/www.tradeandshipco.com\/en\/cadena-de-suministro\/","title":{"rendered":"Supply chain"},"content":{"rendered":"<div id=\"more-features\"  data-column-margin=\"default\" data-midnight=\"dark\" data-top-percent=\"8%\" data-bottom-percent=\"8%\"  class=\"wpb_row vc_row-fluid vc_row full-width-section  top_padding_tablet_20pct bottom_padding_tablet_20pct\"  style=\"padding-top: calc(100vw * 0.08); padding-bottom: calc(100vw * 0.08); \"><div class=\"row-bg-wrap\" data-bg-animation=\"none\" data-bg-animation-delay=\"\" data-bg-overlay=\"false\"><div class=\"inner-wrap row-bg-layer\" ><div class=\"row-bg viewport-desktop using-bg-color\"  style=\"background-color: #ffffff; \"><\/div><\/div><\/div><div class=\"nectar-shape-divider-wrap\" style=\" height:50px;\"  data-height=\"50\" data-front=\"\" data-style=\"curve\" data-position=\"bottom\" ><svg class=\"nectar-shape-divider\" aria-hidden=\"true\" fill=\"#f4f4f4\" xmlns=\"http:\/\/www.w3.org\/2000\/svg\" viewbox=\"0 0 1000 100\" preserveaspectratio=\"none\"> <path d=\"M 0 0 c 0 0 200 50 500 50 s 500 -50 500 -50 v 101 h -1000 v -100 z\"><\/path> <\/svg><\/div><div class=\"row_col_wrap_12 col span_12 dark left\">\n\t<div  class=\"vc_col-sm-12 wpb_column column_container vc_column_container col no-extra-padding inherit_tablet inherit_phone\"  data-padding-pos=\"all\" data-has-bg-color=\"false\" data-bg-color=\"\" data-bg-opacity=\"1\" data-animation=\"\" data-delay=\"0\" >\n\t\t<div class=\"vc_column-inner\" >\n\t\t\t<div class=\"wpb_wrapper\">\n\t\t\t\t<div id=\"fws_69e0e3672c24a\" data-midnight=\"\" data-column-margin=\"default\" class=\"wpb_row vc_row-fluid vc_row inner_row\"  style=\"padding-bottom: 15px; \"><div class=\"row-bg-wrap\"> <div class=\"row-bg\" ><\/div> <\/div><div class=\"row_col_wrap_12_inner col span_12  left\">\n\t<div  class=\"vc_col-sm-6 wpb_column column_container vc_column_container col child_column has-animation padding-2-percent left_margin_22px padding-13-percent_tablet padding-4-percent_phone\"   data-padding-pos=\"right\" data-has-bg-color=\"false\" data-bg-color=\"\" data-bg-opacity=\"1\" data-animation=\"fade-in-from-bottom\" data-delay=\"0\" >\n\t\t<div class=\"vc_column-inner\" >\n\t\t<div class=\"wpb_wrapper\">\n\t\t\t\n<div class=\"wpb_text_column wpb_content_element  vc_custom_1671046794737\" style=\" max-width: 500px; display: inline-block;\">\n\t<div class=\"wpb_wrapper\">\n\t\t<h3>At TSC we optimize the outsourcing of logistics operations, freeing companies from the management and monitoring of all processes.<br \/>\n\u2063<br \/>\nWe focus on:<\/h3>\n\t<\/div>\n<\/div>\n\n\n\n\n\t\t<\/div> \n\t<\/div>\n\t<\/div> \n\n\t<div  class=\"vc_col-sm-6 wpb_column column_container vc_column_container col child_column has-animation no-extra-padding inherit_tablet inherit_phone\"   data-padding-pos=\"all\" data-has-bg-color=\"false\" data-bg-color=\"\" data-bg-opacity=\"1\" data-animation=\"fade-in-from-bottom\" data-delay=\"100\" >\n\t\t<div class=\"vc_column-inner\" >\n\t\t<div class=\"wpb_wrapper\">\n\t\t\t\n\t\t<\/div> \n\t<\/div>\n\t<\/div> \n<\/div><\/div><div class=\"nectar-flickity not-initialized nectar-carousel\" data-centered-cells=\"false\" data-pause-on-hover=\"\" data-touch-icon-color=\"default\" data-control-color=\"accent-color\" data-overflow=\"visible\" data-r-bottom-total=\"true\" data-drag-scale=\"true\" data-wrap=\"no-wrap\" data-spacing=\"20px\" data-controls=\"touch_total\" data-pagination-alignment=\"default\" data-adaptive-height=\"\" data-border-radius=\"none\" data-column-border=\"\" data-column-padding=\"0\" data-format=\"default\" data-autoplay=\"\" data-autoplay-dur=\"5000\" data-control-style=\"material_pagination\" data-desktop-columns=\"3\" data-small-desktop-columns=\"3\" data-tablet-columns=\"2\" data-phone-columns=\"1\" data-column-color=\"#ffffff\"><div class=\"flickity-viewport\"> <div class=\"flickity-slider\"><div class=\"cell\"><div class=\"inner-wrap-outer\"><div class=\"inner-wrap\" style=\" background-color: #ffffff;\"><div class=\"nectar-fancy-box nectar-underline using-img  min_height_tablet_275px min_height_phone_255px aspect-1-1\"  data-style=\"image_above_text_underline\" data-border-radius=\"default\" data-animation=\"\" data-delay=\"\" data-alignment=\"left\"><div class=\"image-wrap\"><div class=\"box-bg\"  data-nectar-img-src=\"https:\/\/www.tradeandshipco.com\/wp-content\/uploads\/2022\/12\/3L.jpg\"><\/div><\/div>\n\t\t<div class=\"text\">\n<h3>3PL<\/h3>\n<p>Our role as integral logistics operator collaborates in the distribution of the client's merchandise. Granting not only transport and storage services but also organizing transport operations, traceability and operations between the manufacturer, our warehouse and the different clients. \u2063<\/div> \n\t\t<\/div><\/div><\/div><\/div><div class=\"cell\"><div class=\"inner-wrap-outer\"><div class=\"inner-wrap\" style=\" background-color: #ffffff;\"><div class=\"nectar-fancy-box nectar-underline using-img  min_height_tablet_275px min_height_phone_255px aspect-1-1\"  data-style=\"image_above_text_underline\" data-border-radius=\"default\" data-animation=\"\" data-delay=\"\" data-alignment=\"left\"><div class=\"image-wrap\"><div class=\"box-bg\"  data-nectar-img-src=\"https:\/\/www.tradeandshipco.com\/wp-content\/uploads\/2022\/12\/4-PL.jpg\"><\/div><\/div>\n\t\t<div class=\"text\">\n<h3>4PL<\/h3>\n<p>In this segment we carry out all the 3PL services but adding a second logistics hub to the equation to organize the client's merchandise based on strategic needs and based on the different regional markets.<\/p>\n<p>&nbsp;<\/p>\n<p>&nbsp;<\/p>\n<p>&nbsp;<\/p>\n<p>&nbsp;<\/p>\n<\/div> \n\t\t<\/div><\/div><\/div><\/div><div class=\"cell\"><div class=\"inner-wrap-outer\"><div class=\"inner-wrap\" style=\" background-color: #ffffff;\"><div class=\"nectar-fancy-box nectar-underline using-img  min_height_tablet_275px min_height_phone_255px aspect-1-1\"  data-style=\"image_above_text_underline\" data-border-radius=\"default\" data-animation=\"\" data-delay=\"\" data-alignment=\"left\"><div class=\"image-wrap\"><div class=\"box-bg\"  data-nectar-img-src=\"https:\/\/www.tradeandshipco.com\/wp-content\/uploads\/2022\/12\/5-PL.jpg\"><\/div><\/div>\n\t\t<div class=\"text\">\n<h3>5PL<\/h3>\n<p>This is where the most complete management of this type of service is carried out, where we include the complete management of the supply chain and where 3 or more logistics hubs are managed based on the specific needs of the client, starting from the execution of the logistics and transport to the optimization of the supply chain.<\/p>\n<p>At TSC we provide logistics consulting, planning, management and location services. We take care of designing, planning and supervising the efficiency of the supply chain.<\/div> \n\t\t<\/div><\/div><\/div><\/div><\/div><\/div><\/div>\n\t\t\t<\/div> \n\t\t<\/div>\n\t<\/div> \n<\/div><\/div>","protected":false},"excerpt":{"rendered":"En TSC optimizamos la externalizaci\u00f3n de las operaciones log\u00edsticas, liberando a las empresas de la gesti\u00f3n y seguimiento de todos los procesos. \u2063 \u2063 Nos centramos en:\u2063 3PL Nuestro rol...","protected":false},"author":1,"featured_media":0,"parent":0,"menu_order":0,"comment_status":"closed","ping_status":"closed","template":"","meta":{"footnotes":""},"class_list":["post-1757","page","type-page","status-publish"],"yoast_head":"<!-- This site is optimized with the Yoast SEO plugin v27.1.1 - https:\/\/yoast.com\/product\/yoast-seo-wordpress\/ -->\n<title>Cadena de Suministro - TSC<\/title>\n<meta name=\"robots\" content=\"index, follow, max-snippet:-1, max-image-preview:large, max-video-preview:-1\" \/>\n<link rel=\"canonical\" href=\"http:\/\/www.tradeandshipco.com\/en\/cadena-de-suministro\/\" \/>\n<meta property=\"og:locale\" content=\"en_US\" \/>\n<meta property=\"og:type\" content=\"article\" \/>\n<meta property=\"og:title\" content=\"Cadena de Suministro - TSC\" \/>\n<meta property=\"og:url\" content=\"http:\/\/www.tradeandshipco.com\/en\/cadena-de-suministro\/\" \/>\n<meta property=\"og:site_name\" content=\"TSC\" \/>\n<meta property=\"article:publisher\" content=\"https:\/\/www.facebook.com\/tradeandshipco\" \/>\n<meta property=\"article:modified_time\" content=\"2022-12-27T14:56:05+00:00\" \/>\n<meta name=\"twitter:card\" content=\"summary_large_image\" \/>\n<meta name=\"twitter:site\" content=\"@shippingtrade\" \/>\n<meta name=\"twitter:label1\" content=\"Est. reading time\" \/>\n\t<meta name=\"twitter:data1\" content=\"5 minutes\" \/>\n<script type=\"application\/ld+json\" class=\"yoast-schema-graph\">{\"@context\":\"https:\/\/schema.org\",\"@graph\":[{\"@type\":\"WebPage\",\"@id\":\"http:\/\/www.tradeandshipco.com\/en\/cadena-de-suministro\/\",\"url\":\"http:\/\/www.tradeandshipco.com\/en\/cadena-de-suministro\/\",\"name\":\"Cadena de Suministro - TSC\",\"isPartOf\":{\"@id\":\"https:\/\/www.tradeandshipco.com\/#website\"},\"datePublished\":\"2022-11-29T23:00:22+00:00\",\"dateModified\":\"2022-12-27T14:56:05+00:00\",\"breadcrumb\":{\"@id\":\"http:\/\/www.tradeandshipco.com\/en\/cadena-de-suministro\/#breadcrumb\"},\"inLanguage\":\"en-US\",\"potentialAction\":[{\"@type\":\"ReadAction\",\"target\":[\"http:\/\/www.tradeandshipco.com\/en\/cadena-de-suministro\/\"]}]},{\"@type\":\"BreadcrumbList\",\"@id\":\"http:\/\/www.tradeandshipco.com\/en\/cadena-de-suministro\/#breadcrumb\",\"itemListElement\":[{\"@type\":\"ListItem\",\"position\":1,\"name\":\"Inicio\",\"item\":\"https:\/\/www.tradeandshipco.com\/\"},{\"@type\":\"ListItem\",\"position\":2,\"name\":\"Cadena de Suministro\"}]},{\"@type\":\"WebSite\",\"@id\":\"https:\/\/www.tradeandshipco.com\/#website\",\"url\":\"https:\/\/www.tradeandshipco.com\/\",\"name\":\"TSC\",\"description\":\"\",\"publisher\":{\"@id\":\"https:\/\/www.tradeandshipco.com\/#organization\"},\"alternateName\":\"tsc\",\"potentialAction\":[{\"@type\":\"SearchAction\",\"target\":{\"@type\":\"EntryPoint\",\"urlTemplate\":\"https:\/\/www.tradeandshipco.com\/?s={search_term_string}\"},\"query-input\":{\"@type\":\"PropertyValueSpecification\",\"valueRequired\":true,\"valueName\":\"search_term_string\"}}],\"inLanguage\":\"en-US\"},{\"@type\":\"Organization\",\"@id\":\"https:\/\/www.tradeandshipco.com\/#organization\",\"name\":\"Trade And Ship Co\",\"url\":\"https:\/\/www.tradeandshipco.com\/\",\"logo\":{\"@type\":\"ImageObject\",\"inLanguage\":\"en-US\",\"@id\":\"https:\/\/www.tradeandshipco.com\/#\/schema\/logo\/image\/\",\"url\":\"https:\/\/www.tradeandshipco.com\/wp-content\/uploads\/2022\/11\/tsc_logo_color.png\",\"contentUrl\":\"https:\/\/www.tradeandshipco.com\/wp-content\/uploads\/2022\/11\/tsc_logo_color.png\",\"width\":1802,\"height\":982,\"caption\":\"Trade And Ship Co\"},\"image\":{\"@id\":\"https:\/\/www.tradeandshipco.com\/#\/schema\/logo\/image\/\"},\"sameAs\":[\"https:\/\/www.facebook.com\/tradeandshipco\",\"https:\/\/x.com\/shippingtrade\"]}]}<\/script>\n<!-- \/ Yoast SEO plugin. -->","yoast_head_json":{"title":"Cadena de Suministro - TSC","robots":{"index":"index","follow":"follow","max-snippet":"max-snippet:-1","max-image-preview":"max-image-preview:large","max-video-preview":"max-video-preview:-1"},"canonical":"http:\/\/www.tradeandshipco.com\/en\/cadena-de-suministro\/","og_locale":"en_US","og_type":"article","og_title":"Cadena de Suministro - TSC","og_url":"http:\/\/www.tradeandshipco.com\/en\/cadena-de-suministro\/","og_site_name":"TSC","article_publisher":"https:\/\/www.facebook.com\/tradeandshipco","article_modified_time":"2022-12-27T14:56:05+00:00","twitter_card":"summary_large_image","twitter_site":"@shippingtrade","twitter_misc":{"Est. reading time":"5 minutes"},"schema":{"@context":"https:\/\/schema.org","@graph":[{"@type":"WebPage","@id":"http:\/\/www.tradeandshipco.com\/en\/cadena-de-suministro\/","url":"http:\/\/www.tradeandshipco.com\/en\/cadena-de-suministro\/","name":"Cadena de Suministro - TSC","isPartOf":{"@id":"https:\/\/www.tradeandshipco.com\/#website"},"datePublished":"2022-11-29T23:00:22+00:00","dateModified":"2022-12-27T14:56:05+00:00","breadcrumb":{"@id":"http:\/\/www.tradeandshipco.com\/en\/cadena-de-suministro\/#breadcrumb"},"inLanguage":"en-US","potentialAction":[{"@type":"ReadAction","target":["http:\/\/www.tradeandshipco.com\/en\/cadena-de-suministro\/"]}]},{"@type":"BreadcrumbList","@id":"http:\/\/www.tradeandshipco.com\/en\/cadena-de-suministro\/#breadcrumb","itemListElement":[{"@type":"ListItem","position":1,"name":"Inicio","item":"https:\/\/www.tradeandshipco.com\/"},{"@type":"ListItem","position":2,"name":"Cadena de Suministro"}]},{"@type":"WebSite","@id":"https:\/\/www.tradeandshipco.com\/#website","url":"https:\/\/www.tradeandshipco.com\/","name":"TSC","description":"","publisher":{"@id":"https:\/\/www.tradeandshipco.com\/#organization"},"alternateName":"tsc","potentialAction":[{"@type":"SearchAction","target":{"@type":"EntryPoint","urlTemplate":"https:\/\/www.tradeandshipco.com\/?s={search_term_string}"},"query-input":{"@type":"PropertyValueSpecification","valueRequired":true,"valueName":"search_term_string"}}],"inLanguage":"en-US"},{"@type":"Organization","@id":"https:\/\/www.tradeandshipco.com\/#organization","name":"Trade And Ship Co","url":"https:\/\/www.tradeandshipco.com\/","logo":{"@type":"ImageObject","inLanguage":"en-US","@id":"https:\/\/www.tradeandshipco.com\/#\/schema\/logo\/image\/","url":"https:\/\/www.tradeandshipco.com\/wp-content\/uploads\/2022\/11\/tsc_logo_color.png","contentUrl":"https:\/\/www.tradeandshipco.com\/wp-content\/uploads\/2022\/11\/tsc_logo_color.png","width":1802,"height":982,"caption":"Trade And Ship Co"},"image":{"@id":"https:\/\/www.tradeandshipco.com\/#\/schema\/logo\/image\/"},"sameAs":["https:\/\/www.facebook.com\/tradeandshipco","https:\/\/x.com\/shippingtrade"]}]}},"_links":{"self":[{"href":"https:\/\/www.tradeandshipco.com\/en\/wp-json\/wp\/v2\/pages\/1757","targetHints":{"allow":["GET"]}}],"collection":[{"href":"https:\/\/www.tradeandshipco.com\/en\/wp-json\/wp\/v2\/pages"}],"about":[{"href":"https:\/\/www.tradeandshipco.com\/en\/wp-json\/wp\/v2\/types\/page"}],"author":[{"embeddable":true,"href":"https:\/\/www.tradeandshipco.com\/en\/wp-json\/wp\/v2\/users\/1"}],"replies":[{"embeddable":true,"href":"https:\/\/www.tradeandshipco.com\/en\/wp-json\/wp\/v2\/comments?post=1757"}],"version-history":[{"count":33,"href":"https:\/\/www.tradeandshipco.com\/en\/wp-json\/wp\/v2\/pages\/1757\/revisions"}],"predecessor-version":[{"id":1986,"href":"https:\/\/www.tradeandshipco.com\/en\/wp-json\/wp\/v2\/pages\/1757\/revisions\/1986"}],"wp:attachment":[{"href":"https:\/\/www.tradeandshipco.com\/en\/wp-json\/wp\/v2\/media?parent=1757"}],"curies":[{"name":"wp","href":"https:\/\/api.w.org\/{rel}","templated":true}]}}