{"id":1747,"date":"2022-11-29T22:52:28","date_gmt":"2022-11-29T22:52:28","guid":{"rendered":"http:\/\/gematesteo.com\/tsc\/?page_id=1747"},"modified":"2023-08-11T18:28:14","modified_gmt":"2023-08-11T18:28:14","slug":"terrestre","status":"publish","type":"page","link":"https:\/\/www.tradeandshipco.com\/en\/terrestre\/","title":{"rendered":"Ground Cargo"},"content":{"rendered":"<div id=\"fws_69e0e458b1fbf\"  data-column-margin=\"40px\" data-midnight=\"dark\" data-top-percent=\"5%\" data-bottom-percent=\"7%\"  class=\"wpb_row vc_row-fluid vc_row full-width-content vc_row-o-equal-height vc_row-flex vc_row-o-content-middle  right_padding_7pct left_padding_7pct\"  style=\"padding-top: calc(100vw * 0.05); padding-bottom: calc(100vw * 0.07); \"><div class=\"row-bg-wrap\" data-bg-animation=\"none\" data-bg-animation-delay=\"\" data-bg-overlay=\"false\"><div class=\"inner-wrap row-bg-layer\" ><div class=\"row-bg viewport-desktop\"  style=\"\"><\/div><\/div><\/div><div class=\"row_col_wrap_12 col span_12 dark left\">\n\t<div  class=\"vc_col-sm-6 wpb_column column_container vc_column_container col no-extra-padding column_position_relative el_spacing_0px inherit_tablet inherit_phone\"  data-overlay-color=\"true\" data-padding-pos=\"all\" data-has-bg-color=\"false\" data-bg-color=\"\" data-bg-opacity=\"1\" data-animation=\"\" data-delay=\"0\" >\n\t\t<div class=\"vc_column-inner\" ><div class=\"column-bg-overlay-wrap column-bg-layer\" data-bg-animation=\"none\"><div class=\"column-bg-overlay\"><\/div><div class=\"column-overlay-layer\" style=\"\"><\/div><\/div>\n\t\t\t<div class=\"wpb_wrapper\">\n\t\t\t\t<div id=\"fws_69e0e458b26f5\" data-midnight=\"\" data-column-margin=\"default\" class=\"wpb_row vc_row-fluid vc_row inner_row\"  style=\"\"><div class=\"row-bg-wrap\"> <div class=\"row-bg\" ><\/div> <\/div><div class=\"row_col_wrap_12_inner col span_12  left\">\n\t<div  class=\"vc_col-sm-12 wpb_column column_container vc_column_container col child_column left_padding_desktop_0px top_padding_desktop_0px top_padding_tablet_50vh top_padding_phone_0px right_padding_desktop_0px\"   data-border-radius=\"20px\" data-padding-pos=\"all\" data-has-bg-color=\"false\" data-bg-color=\"\" data-bg-opacity=\"1\" data-animation=\"\" data-delay=\"0\" >\n\t\t<div class=\"vc_column-inner\" >\n\t\t<div class=\"wpb_wrapper\">\n\t\t\t<div class=\"img-with-aniamtion-wrap  margin_top_phone_0px margin_right_phone_0px margin_bottom_phone_0px margin_left_phone_0px\" data-max-width=\"100%\" data-max-width-mobile=\"default\" data-border-radius=\"20px\" data-shadow=\"none\" data-animation=\"none\"  style=\"margin-left: 140px;\">\n      <div class=\"inner\">\n        <div class=\"hover-wrap\"> \n          <div class=\"hover-wrap-inner\">\n            <img loading=\"lazy\" decoding=\"async\" class=\"img-with-animation skip-lazy\" data-delay=\"0\" height=\"624\" width=\"489\" data-animation=\"none\" src=\"https:\/\/www.tradeandshipco.com\/wp-content\/uploads\/2022\/12\/TERRESTRE.jpg\" alt=\"\" srcset=\"https:\/\/www.tradeandshipco.com\/wp-content\/uploads\/2022\/12\/TERRESTRE.jpg 489w, https:\/\/www.tradeandshipco.com\/wp-content\/uploads\/2022\/12\/TERRESTRE-235x300.jpg 235w\" sizes=\"auto, (max-width: 489px) 100vw, 489px\" \/>\n          <\/div>\n        <\/div>\n      <\/div>\n    <\/div>\n\t\t<\/div> \n\t<\/div>\n\t<\/div> \n<\/div><\/div>\n\t\t\t<\/div> \n\t\t<\/div>\n\t<\/div> \n\n\t<div  class=\"vc_col-sm-6 wpb_column column_container vc_column_container col column_position_static el_spacing_30px\"  data-padding-pos=\"all\" data-has-bg-color=\"false\" data-bg-color=\"\" data-bg-opacity=\"1\" data-animation=\"\" data-delay=\"0\" >\n\t\t<div class=\"vc_column-inner\" >\n\t\t\t<div class=\"wpb_wrapper\">\n\t\t\t\t<div id=\"fws_69e0e458b3224\" data-midnight=\"\" data-column-margin=\"none\" class=\"wpb_row vc_row-fluid vc_row inner_row  right_padding_5pct top_padding_tablet_8pct\"  style=\"\"><div class=\"row-bg-wrap\"> <div class=\"row-bg\" ><\/div> <\/div><div class=\"row_col_wrap_12_inner col span_12  left\">\n\t<div  class=\"vc_col-sm-12 wpb_column column_container vc_column_container col child_column no-extra-padding inherit_tablet inherit_phone\"   data-padding-pos=\"all\" data-has-bg-color=\"false\" data-bg-color=\"\" data-bg-opacity=\"1\" data-animation=\"\" data-delay=\"0\" >\n\t\t<div class=\"vc_column-inner\" >\n\t\t<div class=\"wpb_wrapper\">\n\t\t\t<div class=\"nectar-split-heading  font_line_height_1-3\" data-align=\"default\" data-m-align=\"inherit\" data-text-effect=\"default\" data-animation-type=\"line-reveal-by-space\" data-animation-delay=\"0\" data-animation-offset=\"\" data-m-rm-animation=\"true\" data-stagger=\"true\" data-custom-font-size=\"true\" style=\"font-size: 3vw; line-height: 3.3vw;\"><h2 style=\" color: #c4251e;\">Transporte Terrestre<\/h2><\/div>\n\t\t<\/div> \n\t<\/div>\n\t<\/div> \n<\/div><\/div><div id=\"fws_69e0e458b37b8\" data-midnight=\"\" data-column-margin=\"default\" class=\"wpb_row vc_row-fluid vc_row inner_row  right_padding_14pct bottom_padding_phone_8pct\"  style=\"\"><div class=\"row-bg-wrap\"> <div class=\"row-bg\" ><\/div> <\/div><div class=\"row_col_wrap_12_inner col span_12  left\">\n\t<div  class=\"vc_col-sm-12 wpb_column column_container vc_column_container col child_column has-animation no-extra-padding inherit_tablet inherit_phone\"   data-padding-pos=\"all\" data-has-bg-color=\"false\" data-bg-color=\"\" data-bg-opacity=\"1\" data-animation=\"fade-in\" data-delay=\"0\" data-animation-easing=\"easeInOutQuad\" >\n\t\t<div class=\"vc_column-inner\" >\n\t\t<div class=\"wpb_wrapper\">\n\t\t\t<div class=\"nectar-responsive-text font_size_min_16px\"><p style=\"text-align: left;\">At Tsc we provide comprehensive logistics solutions according to the needs of each client.<\/p>\n<p style=\"text-align: left;\">We provide tracking, security and efficiency in the withdrawal and delivery of merchandise.<br \/>\nSome of our services are:<\/p>\n<p style=\"text-align: left;\">\u2013 Full truck load<br \/>\n\u2013 Special loads.<br \/>\n\u2013 Cargo LTL<br \/>\n\u2013 National Cargo<\/p>\n<\/div>\n\t\t<\/div> \n\t<\/div>\n\t<\/div> \n<\/div><\/div>\n\t\t\t<\/div> \n\t\t<\/div>\n\t<\/div> \n<\/div><\/div>","protected":false},"excerpt":{"rendered":"Transporte Terrestre En Tsc damos soluciones log\u00edsticas integrales seg\u00fan la necesidad de cada cliente. Brindamos seguimiento, seguridad y eficiencia en el retiro y entrega de mercanc\u00edas. Algunos de nuestros servicios...","protected":false},"author":1,"featured_media":0,"parent":0,"menu_order":0,"comment_status":"closed","ping_status":"closed","template":"","meta":{"footnotes":""},"class_list":["post-1747","page","type-page","status-publish"],"yoast_head":"<!-- This site is optimized with the Yoast SEO plugin v27.1.1 - https:\/\/yoast.com\/product\/yoast-seo-wordpress\/ -->\n<title>Terrestre - TSC<\/title>\n<meta name=\"robots\" content=\"index, follow, max-snippet:-1, max-image-preview:large, max-video-preview:-1\" \/>\n<link rel=\"canonical\" href=\"http:\/\/www.tradeandshipco.com\/en\/terrestre\/\" \/>\n<meta property=\"og:locale\" content=\"en_US\" \/>\n<meta property=\"og:type\" content=\"article\" \/>\n<meta property=\"og:title\" content=\"Terrestre - TSC\" \/>\n<meta property=\"og:url\" content=\"http:\/\/www.tradeandshipco.com\/en\/terrestre\/\" \/>\n<meta property=\"og:site_name\" content=\"TSC\" \/>\n<meta property=\"article:publisher\" content=\"https:\/\/www.facebook.com\/tradeandshipco\" \/>\n<meta property=\"article:modified_time\" content=\"2023-08-11T18:28:14+00:00\" \/>\n<meta name=\"twitter:card\" content=\"summary_large_image\" \/>\n<meta name=\"twitter:site\" content=\"@shippingtrade\" \/>\n<meta name=\"twitter:label1\" content=\"Est. reading time\" \/>\n\t<meta name=\"twitter:data1\" content=\"4 minutes\" \/>\n<script type=\"application\/ld+json\" class=\"yoast-schema-graph\">{\"@context\":\"https:\/\/schema.org\",\"@graph\":[{\"@type\":\"WebPage\",\"@id\":\"http:\/\/www.tradeandshipco.com\/en\/terrestre\/\",\"url\":\"http:\/\/www.tradeandshipco.com\/en\/terrestre\/\",\"name\":\"Terrestre - TSC\",\"isPartOf\":{\"@id\":\"https:\/\/www.tradeandshipco.com\/#website\"},\"datePublished\":\"2022-11-29T22:52:28+00:00\",\"dateModified\":\"2023-08-11T18:28:14+00:00\",\"breadcrumb\":{\"@id\":\"http:\/\/www.tradeandshipco.com\/en\/terrestre\/#breadcrumb\"},\"inLanguage\":\"en-US\",\"potentialAction\":[{\"@type\":\"ReadAction\",\"target\":[\"http:\/\/www.tradeandshipco.com\/en\/terrestre\/\"]}]},{\"@type\":\"BreadcrumbList\",\"@id\":\"http:\/\/www.tradeandshipco.com\/en\/terrestre\/#breadcrumb\",\"itemListElement\":[{\"@type\":\"ListItem\",\"position\":1,\"name\":\"Inicio\",\"item\":\"https:\/\/www.tradeandshipco.com\/\"},{\"@type\":\"ListItem\",\"position\":2,\"name\":\"Terrestre\"}]},{\"@type\":\"WebSite\",\"@id\":\"https:\/\/www.tradeandshipco.com\/#website\",\"url\":\"https:\/\/www.tradeandshipco.com\/\",\"name\":\"TSC\",\"description\":\"\",\"publisher\":{\"@id\":\"https:\/\/www.tradeandshipco.com\/#organization\"},\"alternateName\":\"tsc\",\"potentialAction\":[{\"@type\":\"SearchAction\",\"target\":{\"@type\":\"EntryPoint\",\"urlTemplate\":\"https:\/\/www.tradeandshipco.com\/?s={search_term_string}\"},\"query-input\":{\"@type\":\"PropertyValueSpecification\",\"valueRequired\":true,\"valueName\":\"search_term_string\"}}],\"inLanguage\":\"en-US\"},{\"@type\":\"Organization\",\"@id\":\"https:\/\/www.tradeandshipco.com\/#organization\",\"name\":\"Trade And Ship Co\",\"url\":\"https:\/\/www.tradeandshipco.com\/\",\"logo\":{\"@type\":\"ImageObject\",\"inLanguage\":\"en-US\",\"@id\":\"https:\/\/www.tradeandshipco.com\/#\/schema\/logo\/image\/\",\"url\":\"https:\/\/www.tradeandshipco.com\/wp-content\/uploads\/2022\/11\/tsc_logo_color.png\",\"contentUrl\":\"https:\/\/www.tradeandshipco.com\/wp-content\/uploads\/2022\/11\/tsc_logo_color.png\",\"width\":1802,\"height\":982,\"caption\":\"Trade And Ship Co\"},\"image\":{\"@id\":\"https:\/\/www.tradeandshipco.com\/#\/schema\/logo\/image\/\"},\"sameAs\":[\"https:\/\/www.facebook.com\/tradeandshipco\",\"https:\/\/x.com\/shippingtrade\"]}]}<\/script>\n<!-- \/ Yoast SEO plugin. -->","yoast_head_json":{"title":"Terrestre - TSC","robots":{"index":"index","follow":"follow","max-snippet":"max-snippet:-1","max-image-preview":"max-image-preview:large","max-video-preview":"max-video-preview:-1"},"canonical":"http:\/\/www.tradeandshipco.com\/en\/terrestre\/","og_locale":"en_US","og_type":"article","og_title":"Terrestre - TSC","og_url":"http:\/\/www.tradeandshipco.com\/en\/terrestre\/","og_site_name":"TSC","article_publisher":"https:\/\/www.facebook.com\/tradeandshipco","article_modified_time":"2023-08-11T18:28:14+00:00","twitter_card":"summary_large_image","twitter_site":"@shippingtrade","twitter_misc":{"Est. reading time":"4 minutes"},"schema":{"@context":"https:\/\/schema.org","@graph":[{"@type":"WebPage","@id":"http:\/\/www.tradeandshipco.com\/en\/terrestre\/","url":"http:\/\/www.tradeandshipco.com\/en\/terrestre\/","name":"Terrestre - TSC","isPartOf":{"@id":"https:\/\/www.tradeandshipco.com\/#website"},"datePublished":"2022-11-29T22:52:28+00:00","dateModified":"2023-08-11T18:28:14+00:00","breadcrumb":{"@id":"http:\/\/www.tradeandshipco.com\/en\/terrestre\/#breadcrumb"},"inLanguage":"en-US","potentialAction":[{"@type":"ReadAction","target":["http:\/\/www.tradeandshipco.com\/en\/terrestre\/"]}]},{"@type":"BreadcrumbList","@id":"http:\/\/www.tradeandshipco.com\/en\/terrestre\/#breadcrumb","itemListElement":[{"@type":"ListItem","position":1,"name":"Inicio","item":"https:\/\/www.tradeandshipco.com\/"},{"@type":"ListItem","position":2,"name":"Terrestre"}]},{"@type":"WebSite","@id":"https:\/\/www.tradeandshipco.com\/#website","url":"https:\/\/www.tradeandshipco.com\/","name":"TSC","description":"","publisher":{"@id":"https:\/\/www.tradeandshipco.com\/#organization"},"alternateName":"tsc","potentialAction":[{"@type":"SearchAction","target":{"@type":"EntryPoint","urlTemplate":"https:\/\/www.tradeandshipco.com\/?s={search_term_string}"},"query-input":{"@type":"PropertyValueSpecification","valueRequired":true,"valueName":"search_term_string"}}],"inLanguage":"en-US"},{"@type":"Organization","@id":"https:\/\/www.tradeandshipco.com\/#organization","name":"Trade And Ship Co","url":"https:\/\/www.tradeandshipco.com\/","logo":{"@type":"ImageObject","inLanguage":"en-US","@id":"https:\/\/www.tradeandshipco.com\/#\/schema\/logo\/image\/","url":"https:\/\/www.tradeandshipco.com\/wp-content\/uploads\/2022\/11\/tsc_logo_color.png","contentUrl":"https:\/\/www.tradeandshipco.com\/wp-content\/uploads\/2022\/11\/tsc_logo_color.png","width":1802,"height":982,"caption":"Trade And Ship Co"},"image":{"@id":"https:\/\/www.tradeandshipco.com\/#\/schema\/logo\/image\/"},"sameAs":["https:\/\/www.facebook.com\/tradeandshipco","https:\/\/x.com\/shippingtrade"]}]}},"_links":{"self":[{"href":"https:\/\/www.tradeandshipco.com\/en\/wp-json\/wp\/v2\/pages\/1747","targetHints":{"allow":["GET"]}}],"collection":[{"href":"https:\/\/www.tradeandshipco.com\/en\/wp-json\/wp\/v2\/pages"}],"about":[{"href":"https:\/\/www.tradeandshipco.com\/en\/wp-json\/wp\/v2\/types\/page"}],"author":[{"embeddable":true,"href":"https:\/\/www.tradeandshipco.com\/en\/wp-json\/wp\/v2\/users\/1"}],"replies":[{"embeddable":true,"href":"https:\/\/www.tradeandshipco.com\/en\/wp-json\/wp\/v2\/comments?post=1747"}],"version-history":[{"count":20,"href":"https:\/\/www.tradeandshipco.com\/en\/wp-json\/wp\/v2\/pages\/1747\/revisions"}],"predecessor-version":[{"id":2241,"href":"https:\/\/www.tradeandshipco.com\/en\/wp-json\/wp\/v2\/pages\/1747\/revisions\/2241"}],"wp:attachment":[{"href":"https:\/\/www.tradeandshipco.com\/en\/wp-json\/wp\/v2\/media?parent=1747"}],"curies":[{"name":"wp","href":"https:\/\/api.w.org\/{rel}","templated":true}]}}