{"id":1744,"date":"2022-11-29T22:49:04","date_gmt":"2022-11-29T22:49:04","guid":{"rendered":"http:\/\/gematesteo.com\/tsc\/?page_id=1744"},"modified":"2023-08-11T18:21:37","modified_gmt":"2023-08-11T18:21:37","slug":"aereo","status":"publish","type":"page","link":"https:\/\/www.tradeandshipco.com\/en\/aereo\/","title":{"rendered":"Air cargo"},"content":{"rendered":"<div id=\"fws_69d603242cb0b\"  data-column-margin=\"40px\" data-midnight=\"dark\" data-top-percent=\"5%\" data-bottom-percent=\"7%\"  class=\"wpb_row vc_row-fluid vc_row full-width-content vc_row-o-equal-height vc_row-flex vc_row-o-content-top  right_padding_7pct left_padding_7pct top_padding_phone_0px bottom_padding_phone_0px right_padding_phone_0px left_padding_phone_0px\"  style=\"padding-top: calc(100vw * 0.05); padding-bottom: calc(100vw * 0.07); \"><div class=\"row-bg-wrap\" data-bg-animation=\"none\" data-bg-animation-delay=\"\" data-bg-overlay=\"false\"><div class=\"inner-wrap row-bg-layer\" ><div class=\"row-bg viewport-desktop\"  style=\"\"><\/div><\/div><\/div><div class=\"row_col_wrap_12 col span_12 dark left\">\n\t<div  class=\"vc_col-sm-6 wpb_column column_container vc_column_container col column_position_static el_spacing_0px left_padding_desktop_7vw left_padding_phone_0px top_padding_desktop_0px top_padding_phone_0px right_padding_phone_0px bottom_padding_phone_0px\"  data-padding-pos=\"all\" data-has-bg-color=\"false\" data-bg-color=\"\" data-bg-opacity=\"1\" data-animation=\"\" data-delay=\"0\" >\n\t\t<div class=\"vc_column-inner\" >\n\t\t\t<div class=\"wpb_wrapper\">\n\t\t\t\t<div id=\"fws_69d603242d19b\" data-midnight=\"\" data-column-margin=\"default\" class=\"wpb_row vc_row-fluid vc_row inner_row\"  style=\"\"><div class=\"row-bg-wrap\"> <div class=\"row-bg\" ><\/div> <\/div><div class=\"row_col_wrap_12_inner col span_12  left\">\n\t<div  class=\"vc_col-sm-12 wpb_column column_container vc_column_container col child_column top_padding_tablet_50vh top_padding_phone_0px\"   data-border-radius=\"20px\" data-padding-pos=\"all\" data-has-bg-color=\"false\" data-bg-color=\"\" data-bg-opacity=\"1\" data-animation=\"\" data-delay=\"0\" >\n\t\t<div class=\"vc_column-inner\" >\n\t\t<div class=\"wpb_wrapper\">\n\t\t\t<div class=\"img-with-aniamtion-wrap  margin_top_phone_0px\" data-max-width=\"100%\" data-max-width-mobile=\"default\" data-border-radius=\"20px\" data-shadow=\"none\" data-animation=\"none\" >\n      <div class=\"inner\">\n        <div class=\"hover-wrap\"> \n          <div class=\"hover-wrap-inner\">\n            <img loading=\"lazy\" decoding=\"async\" class=\"img-with-animation skip-lazy\" data-delay=\"0\" height=\"624\" width=\"489\" data-animation=\"none\" src=\"https:\/\/www.tradeandshipco.com\/wp-content\/uploads\/2022\/12\/AEREO.jpg\" alt=\"\" srcset=\"https:\/\/www.tradeandshipco.com\/wp-content\/uploads\/2022\/12\/AEREO.jpg 489w, https:\/\/www.tradeandshipco.com\/wp-content\/uploads\/2022\/12\/AEREO-235x300.jpg 235w\" sizes=\"auto, (max-width: 489px) 100vw, 489px\" \/>\n          <\/div>\n        <\/div>\n      <\/div>\n    <\/div>\n\t\t<\/div> \n\t<\/div>\n\t<\/div> \n<\/div><\/div>\n\t\t\t<\/div> \n\t\t<\/div>\n\t<\/div> \n\n\t<div style=\"margin-top: 3%; \" class=\"vc_col-sm-6 wpb_column column_container vc_column_container col no-extra-padding column_position_relative el_spacing_0px inherit_tablet inherit_phone\"  data-overlay-color=\"true\" data-padding-pos=\"all\" data-has-bg-color=\"false\" data-bg-color=\"\" data-bg-opacity=\"1\" data-animation=\"\" data-delay=\"0\" >\n\t\t<div class=\"vc_column-inner\" ><div class=\"column-bg-overlay-wrap column-bg-layer\" data-bg-animation=\"none\"><div class=\"column-bg-overlay\"><\/div><div class=\"column-overlay-layer\" style=\"\"><\/div><\/div>\n\t\t\t<div class=\"wpb_wrapper\">\n\t\t\t\t<div id=\"fws_69d603242db57\" data-midnight=\"\" data-column-margin=\"none\" class=\"wpb_row vc_row-fluid vc_row inner_row  top_padding_tablet_8pct\"  style=\"\"><div class=\"row-bg-wrap\"> <div class=\"row-bg\" ><\/div> <\/div><div class=\"row_col_wrap_12_inner col span_12  left\">\n\t<div  class=\"vc_col-sm-12 wpb_column column_container vc_column_container col child_column no-extra-padding inherit_tablet inherit_phone\"   data-padding-pos=\"all\" data-has-bg-color=\"false\" data-bg-color=\"\" data-bg-opacity=\"1\" data-animation=\"\" data-delay=\"0\" >\n\t\t<div class=\"vc_column-inner\" >\n\t\t<div class=\"wpb_wrapper\">\n\t\t\t<div class=\"nectar-split-heading  font_line_height_1-3\" data-align=\"left\" data-m-align=\"inherit\" data-text-effect=\"default\" data-animation-type=\"line-reveal-by-space\" data-animation-delay=\"0\" data-animation-offset=\"\" data-m-rm-animation=\"true\" data-stagger=\"true\" data-custom-font-size=\"true\" style=\"font-size: 3vw; line-height: 3.3vw;\"><h2 style=\" color: #c4251e;\">Transporte A\u00e9reo<\/h2><\/div>\n\t\t<\/div> \n\t<\/div>\n\t<\/div> \n<\/div><\/div><div id=\"fws_69d603242e093\" data-midnight=\"\" data-column-margin=\"default\" class=\"wpb_row vc_row-fluid vc_row inner_row  right_padding_17pct bottom_padding_phone_8pct\"  style=\"\"><div class=\"row-bg-wrap\"> <div class=\"row-bg\" ><\/div> <\/div><div class=\"row_col_wrap_12_inner col span_12  left\">\n\t<div  class=\"vc_col-sm-12 wpb_column column_container vc_column_container col child_column has-animation no-extra-padding inherit_tablet inherit_phone\"   data-padding-pos=\"all\" data-has-bg-color=\"false\" data-bg-color=\"\" data-bg-opacity=\"1\" data-animation=\"fade-in\" data-delay=\"0\" data-animation-easing=\"easeInOutQuad\" >\n\t\t<div class=\"vc_column-inner\" >\n\t\t<div class=\"wpb_wrapper\">\n\t\t\t<div class=\"nectar-responsive-text font_size_min_16px\" style=\"color: #352c60;\"><p>We have extensive knowledge in air transport and we provide advice for the handling of merchandise through this modality.<br \/>\nWe seek effectiveness and speed in cargo handling, making time a competitive advantage for our clients.<\/p>\n<p>We are IATA Agent, so TSC does not need intermediaries and we have direct contact with the airlines.<\/p>\n<p>\u2013 Air export and import<br \/>\n\u2013 Door to door service<br \/>\n\u2013 Deconsolidated express<br \/>\n\u2013 Packaging<br \/>\n\u2013 Consolidated own services from different points<br \/>\n\u2013 Handling dangerous goods<br \/>\n\u2013 Perishable merchandise<br \/>\n\u2013 Special loads.<\/p>\n<\/div>\n\t\t<\/div> \n\t<\/div>\n\t<\/div> \n<\/div><\/div>\n\t\t\t<\/div> \n\t\t<\/div>\n\t<\/div> \n<\/div><\/div>","protected":false},"excerpt":{"rendered":"Transporte A\u00e9reo Contamos con un amplio conocimiento en transporte a\u00e9reo y brindamos asesoramiento para el manejo de mercanc\u00edas a trav\u00e9s de esta modalidad. Buscamos efectividad y rapidez en el manejo...","protected":false},"author":1,"featured_media":0,"parent":0,"menu_order":0,"comment_status":"closed","ping_status":"closed","template":"","meta":{"footnotes":""},"class_list":["post-1744","page","type-page","status-publish"],"yoast_head":"<!-- This site is optimized with the Yoast SEO plugin v27.1.1 - https:\/\/yoast.com\/product\/yoast-seo-wordpress\/ -->\n<title>A\u00e9reo - TSC<\/title>\n<meta name=\"robots\" content=\"index, follow, max-snippet:-1, max-image-preview:large, max-video-preview:-1\" \/>\n<link rel=\"canonical\" href=\"https:\/\/www.tradeandshipco.com\/en\/aereo\/\" \/>\n<meta property=\"og:locale\" content=\"en_US\" \/>\n<meta property=\"og:type\" content=\"article\" \/>\n<meta property=\"og:title\" content=\"A\u00e9reo - TSC\" \/>\n<meta property=\"og:url\" content=\"https:\/\/www.tradeandshipco.com\/en\/aereo\/\" \/>\n<meta property=\"og:site_name\" content=\"TSC\" \/>\n<meta property=\"article:publisher\" content=\"https:\/\/www.facebook.com\/tradeandshipco\" \/>\n<meta property=\"article:modified_time\" content=\"2023-08-11T18:21:37+00:00\" \/>\n<meta name=\"twitter:card\" content=\"summary_large_image\" \/>\n<meta name=\"twitter:site\" content=\"@shippingtrade\" \/>\n<meta name=\"twitter:label1\" content=\"Est. reading time\" \/>\n\t<meta name=\"twitter:data1\" content=\"5 minutes\" \/>\n<script type=\"application\/ld+json\" class=\"yoast-schema-graph\">{\"@context\":\"https:\/\/schema.org\",\"@graph\":[{\"@type\":\"WebPage\",\"@id\":\"https:\/\/www.tradeandshipco.com\/aereo\/\",\"url\":\"https:\/\/www.tradeandshipco.com\/aereo\/\",\"name\":\"A\u00e9reo - TSC\",\"isPartOf\":{\"@id\":\"https:\/\/www.tradeandshipco.com\/#website\"},\"datePublished\":\"2022-11-29T22:49:04+00:00\",\"dateModified\":\"2023-08-11T18:21:37+00:00\",\"breadcrumb\":{\"@id\":\"https:\/\/www.tradeandshipco.com\/aereo\/#breadcrumb\"},\"inLanguage\":\"en-US\",\"potentialAction\":[{\"@type\":\"ReadAction\",\"target\":[\"https:\/\/www.tradeandshipco.com\/aereo\/\"]}]},{\"@type\":\"BreadcrumbList\",\"@id\":\"https:\/\/www.tradeandshipco.com\/aereo\/#breadcrumb\",\"itemListElement\":[{\"@type\":\"ListItem\",\"position\":1,\"name\":\"Inicio\",\"item\":\"https:\/\/www.tradeandshipco.com\/\"},{\"@type\":\"ListItem\",\"position\":2,\"name\":\"A\u00e9reo\"}]},{\"@type\":\"WebSite\",\"@id\":\"https:\/\/www.tradeandshipco.com\/#website\",\"url\":\"https:\/\/www.tradeandshipco.com\/\",\"name\":\"TSC\",\"description\":\"\",\"publisher\":{\"@id\":\"https:\/\/www.tradeandshipco.com\/#organization\"},\"alternateName\":\"tsc\",\"potentialAction\":[{\"@type\":\"SearchAction\",\"target\":{\"@type\":\"EntryPoint\",\"urlTemplate\":\"https:\/\/www.tradeandshipco.com\/?s={search_term_string}\"},\"query-input\":{\"@type\":\"PropertyValueSpecification\",\"valueRequired\":true,\"valueName\":\"search_term_string\"}}],\"inLanguage\":\"en-US\"},{\"@type\":\"Organization\",\"@id\":\"https:\/\/www.tradeandshipco.com\/#organization\",\"name\":\"Trade And Ship Co\",\"url\":\"https:\/\/www.tradeandshipco.com\/\",\"logo\":{\"@type\":\"ImageObject\",\"inLanguage\":\"en-US\",\"@id\":\"https:\/\/www.tradeandshipco.com\/#\/schema\/logo\/image\/\",\"url\":\"https:\/\/www.tradeandshipco.com\/wp-content\/uploads\/2022\/11\/tsc_logo_color.png\",\"contentUrl\":\"https:\/\/www.tradeandshipco.com\/wp-content\/uploads\/2022\/11\/tsc_logo_color.png\",\"width\":1802,\"height\":982,\"caption\":\"Trade And Ship Co\"},\"image\":{\"@id\":\"https:\/\/www.tradeandshipco.com\/#\/schema\/logo\/image\/\"},\"sameAs\":[\"https:\/\/www.facebook.com\/tradeandshipco\",\"https:\/\/x.com\/shippingtrade\"]}]}<\/script>\n<!-- \/ Yoast SEO plugin. -->","yoast_head_json":{"title":"A\u00e9reo - TSC","robots":{"index":"index","follow":"follow","max-snippet":"max-snippet:-1","max-image-preview":"max-image-preview:large","max-video-preview":"max-video-preview:-1"},"canonical":"https:\/\/www.tradeandshipco.com\/en\/aereo\/","og_locale":"en_US","og_type":"article","og_title":"A\u00e9reo - TSC","og_url":"https:\/\/www.tradeandshipco.com\/en\/aereo\/","og_site_name":"TSC","article_publisher":"https:\/\/www.facebook.com\/tradeandshipco","article_modified_time":"2023-08-11T18:21:37+00:00","twitter_card":"summary_large_image","twitter_site":"@shippingtrade","twitter_misc":{"Est. reading time":"5 minutes"},"schema":{"@context":"https:\/\/schema.org","@graph":[{"@type":"WebPage","@id":"https:\/\/www.tradeandshipco.com\/aereo\/","url":"https:\/\/www.tradeandshipco.com\/aereo\/","name":"A\u00e9reo - TSC","isPartOf":{"@id":"https:\/\/www.tradeandshipco.com\/#website"},"datePublished":"2022-11-29T22:49:04+00:00","dateModified":"2023-08-11T18:21:37+00:00","breadcrumb":{"@id":"https:\/\/www.tradeandshipco.com\/aereo\/#breadcrumb"},"inLanguage":"en-US","potentialAction":[{"@type":"ReadAction","target":["https:\/\/www.tradeandshipco.com\/aereo\/"]}]},{"@type":"BreadcrumbList","@id":"https:\/\/www.tradeandshipco.com\/aereo\/#breadcrumb","itemListElement":[{"@type":"ListItem","position":1,"name":"Inicio","item":"https:\/\/www.tradeandshipco.com\/"},{"@type":"ListItem","position":2,"name":"A\u00e9reo"}]},{"@type":"WebSite","@id":"https:\/\/www.tradeandshipco.com\/#website","url":"https:\/\/www.tradeandshipco.com\/","name":"TSC","description":"","publisher":{"@id":"https:\/\/www.tradeandshipco.com\/#organization"},"alternateName":"tsc","potentialAction":[{"@type":"SearchAction","target":{"@type":"EntryPoint","urlTemplate":"https:\/\/www.tradeandshipco.com\/?s={search_term_string}"},"query-input":{"@type":"PropertyValueSpecification","valueRequired":true,"valueName":"search_term_string"}}],"inLanguage":"en-US"},{"@type":"Organization","@id":"https:\/\/www.tradeandshipco.com\/#organization","name":"Trade And Ship Co","url":"https:\/\/www.tradeandshipco.com\/","logo":{"@type":"ImageObject","inLanguage":"en-US","@id":"https:\/\/www.tradeandshipco.com\/#\/schema\/logo\/image\/","url":"https:\/\/www.tradeandshipco.com\/wp-content\/uploads\/2022\/11\/tsc_logo_color.png","contentUrl":"https:\/\/www.tradeandshipco.com\/wp-content\/uploads\/2022\/11\/tsc_logo_color.png","width":1802,"height":982,"caption":"Trade And Ship Co"},"image":{"@id":"https:\/\/www.tradeandshipco.com\/#\/schema\/logo\/image\/"},"sameAs":["https:\/\/www.facebook.com\/tradeandshipco","https:\/\/x.com\/shippingtrade"]}]}},"_links":{"self":[{"href":"https:\/\/www.tradeandshipco.com\/en\/wp-json\/wp\/v2\/pages\/1744","targetHints":{"allow":["GET"]}}],"collection":[{"href":"https:\/\/www.tradeandshipco.com\/en\/wp-json\/wp\/v2\/pages"}],"about":[{"href":"https:\/\/www.tradeandshipco.com\/en\/wp-json\/wp\/v2\/types\/page"}],"author":[{"embeddable":true,"href":"https:\/\/www.tradeandshipco.com\/en\/wp-json\/wp\/v2\/users\/1"}],"replies":[{"embeddable":true,"href":"https:\/\/www.tradeandshipco.com\/en\/wp-json\/wp\/v2\/comments?post=1744"}],"version-history":[{"count":56,"href":"https:\/\/www.tradeandshipco.com\/en\/wp-json\/wp\/v2\/pages\/1744\/revisions"}],"predecessor-version":[{"id":2155,"href":"https:\/\/www.tradeandshipco.com\/en\/wp-json\/wp\/v2\/pages\/1744\/revisions\/2155"}],"wp:attachment":[{"href":"https:\/\/www.tradeandshipco.com\/en\/wp-json\/wp\/v2\/media?parent=1744"}],"curies":[{"name":"wp","href":"https:\/\/api.w.org\/{rel}","templated":true}]}}